{"id":2687,"date":"2020-01-30T12:48:29","date_gmt":"2020-01-30T11:48:29","guid":{"rendered":"https:\/\/wata.es\/?page_id=2687"},"modified":"2026-02-16T09:06:42","modified_gmt":"2026-02-16T08:06:42","slug":"homepage-software","status":"publish","type":"page","link":"https:\/\/wata.es\/es\/","title":{"rendered":"Consultor\u00eda IT &#038; Outsourcing para tu empresa"},"content":{"rendered":"","protected":false},"excerpt":{"rendered":"","protected":false},"author":2,"featured_media":0,"parent":0,"menu_order":0,"comment_status":"closed","ping_status":"closed","template":"","meta":{"inline_featured_image":false,"footnotes":""},"class_list":["post-2687","page","type-page","status-publish","hentry"],"yoast_head":"<!-- This site is optimized with the Yoast SEO plugin v27.3 - https:\/\/yoast.com\/product\/yoast-seo-wordpress\/ -->\n<title>Consultor\u00eda IT &amp; Outsourcing para tu empresa - WATA Factory<\/title>\n<meta name=\"description\" content=\"Consultor\u00eda IT y desarrollo de software para empresas alemanas. Equipo experto, soporte multiidioma, garant\u00eda de 14 d\u00edas. Contacta WATA Factory hoy.\" \/>\n<meta name=\"robots\" content=\"index, follow, max-snippet:-1, max-image-preview:large, max-video-preview:-1\" \/>\n<link rel=\"canonical\" href=\"https:\/\/wata.es\/es\/\" \/>\n<meta property=\"og:locale\" content=\"es_ES\" \/>\n<meta property=\"og:type\" content=\"article\" \/>\n<meta property=\"og:title\" content=\"Consultor\u00eda IT &amp; Outsourcing para tu empresa - WATA Factory\" \/>\n<meta property=\"og:description\" content=\"Consultor\u00eda IT y desarrollo de software para empresas alemanas. Equipo experto, soporte multiidioma, garant\u00eda de 14 d\u00edas. Contacta WATA Factory hoy.\" \/>\n<meta property=\"og:url\" content=\"https:\/\/wata.es\/es\/\" \/>\n<meta property=\"og:site_name\" content=\"WATA Factory\" \/>\n<meta property=\"article:publisher\" content=\"https:\/\/www.facebook.com\/watafactory\/\" \/>\n<meta property=\"article:modified_time\" content=\"2026-02-16T08:06:42+00:00\" \/>\n<meta name=\"twitter:card\" content=\"summary_large_image\" \/>\n<meta name=\"twitter:site\" content=\"@watafactory\" \/>\n<meta name=\"twitter:label1\" content=\"Tiempo de lectura\" \/>\n\t<meta name=\"twitter:data1\" content=\"9 minutos\" \/>\n<script type=\"application\/ld+json\" class=\"yoast-schema-graph\">{\"@context\":\"https:\\\/\\\/schema.org\",\"@graph\":[{\"@type\":\"WebPage\",\"@id\":\"https:\\\/\\\/wata.es\\\/es\\\/\",\"url\":\"https:\\\/\\\/wata.es\\\/es\\\/\",\"name\":\"Consultor\u00eda IT & Outsourcing para tu empresa - WATA Factory\",\"isPartOf\":{\"@id\":\"https:\\\/\\\/wata.es\\\/#website\"},\"datePublished\":\"2020-01-30T11:48:29+00:00\",\"dateModified\":\"2026-02-16T08:06:42+00:00\",\"description\":\"Consultor\u00eda IT y desarrollo de software para empresas alemanas. Equipo experto, soporte multiidioma, garant\u00eda de 14 d\u00edas. Contacta WATA Factory hoy.\",\"breadcrumb\":{\"@id\":\"https:\\\/\\\/wata.es\\\/es\\\/#breadcrumb\"},\"inLanguage\":\"es\",\"potentialAction\":[{\"@type\":\"ReadAction\",\"target\":[\"https:\\\/\\\/wata.es\\\/es\\\/\"]}]},{\"@type\":\"BreadcrumbList\",\"@id\":\"https:\\\/\\\/wata.es\\\/es\\\/#breadcrumb\",\"itemListElement\":[{\"@type\":\"ListItem\",\"position\":1,\"name\":\"Home\",\"item\":\"https:\\\/\\\/wata.es\\\/es\\\/\"},{\"@type\":\"ListItem\",\"position\":2,\"name\":\"Consultor\u00eda IT &#038; Outsourcing para tu empresa\"}]},{\"@type\":\"WebSite\",\"@id\":\"https:\\\/\\\/wata.es\\\/#website\",\"url\":\"https:\\\/\\\/wata.es\\\/\",\"name\":\"WATA Factory\",\"description\":\"IT Consulting &amp; Outsourcing for your company\",\"publisher\":{\"@id\":\"https:\\\/\\\/wata.es\\\/#organization\"},\"potentialAction\":[{\"@type\":\"SearchAction\",\"target\":{\"@type\":\"EntryPoint\",\"urlTemplate\":\"https:\\\/\\\/wata.es\\\/?s={search_term_string}\"},\"query-input\":{\"@type\":\"PropertyValueSpecification\",\"valueRequired\":true,\"valueName\":\"search_term_string\"}}],\"inLanguage\":\"es\"},{\"@type\":\"Organization\",\"@id\":\"https:\\\/\\\/wata.es\\\/#organization\",\"name\":\"WATA Factory\",\"url\":\"https:\\\/\\\/wata.es\\\/\",\"logo\":{\"@type\":\"ImageObject\",\"inLanguage\":\"es\",\"@id\":\"https:\\\/\\\/wata.es\\\/#\\\/schema\\\/logo\\\/image\\\/\",\"url\":\"https:\\\/\\\/wata.es\\\/wp-content\\\/uploads\\\/2019\\\/12\\\/logowata.png\",\"contentUrl\":\"https:\\\/\\\/wata.es\\\/wp-content\\\/uploads\\\/2019\\\/12\\\/logowata.png\",\"width\":688,\"height\":176,\"caption\":\"WATA Factory\"},\"image\":{\"@id\":\"https:\\\/\\\/wata.es\\\/#\\\/schema\\\/logo\\\/image\\\/\"},\"sameAs\":[\"https:\\\/\\\/www.facebook.com\\\/watafactory\\\/\",\"https:\\\/\\\/x.com\\\/watafactory\",\"https:\\\/\\\/www.linkedin.com\\\/company\\\/wata\\\/\"]}]}<\/script>\n<!-- \/ Yoast SEO plugin. -->","yoast_head_json":{"title":"Consultor\u00eda IT & Outsourcing para tu empresa - WATA Factory","description":"Consultor\u00eda IT y desarrollo de software para empresas alemanas. Equipo experto, soporte multiidioma, garant\u00eda de 14 d\u00edas. Contacta WATA Factory hoy.","robots":{"index":"index","follow":"follow","max-snippet":"max-snippet:-1","max-image-preview":"max-image-preview:large","max-video-preview":"max-video-preview:-1"},"canonical":"https:\/\/wata.es\/es\/","og_locale":"es_ES","og_type":"article","og_title":"Consultor\u00eda IT & Outsourcing para tu empresa - WATA Factory","og_description":"Consultor\u00eda IT y desarrollo de software para empresas alemanas. Equipo experto, soporte multiidioma, garant\u00eda de 14 d\u00edas. Contacta WATA Factory hoy.","og_url":"https:\/\/wata.es\/es\/","og_site_name":"WATA Factory","article_publisher":"https:\/\/www.facebook.com\/watafactory\/","article_modified_time":"2026-02-16T08:06:42+00:00","twitter_card":"summary_large_image","twitter_site":"@watafactory","twitter_misc":{"Tiempo de lectura":"9 minutos"},"schema":{"@context":"https:\/\/schema.org","@graph":[{"@type":"WebPage","@id":"https:\/\/wata.es\/es\/","url":"https:\/\/wata.es\/es\/","name":"Consultor\u00eda IT & Outsourcing para tu empresa - WATA Factory","isPartOf":{"@id":"https:\/\/wata.es\/#website"},"datePublished":"2020-01-30T11:48:29+00:00","dateModified":"2026-02-16T08:06:42+00:00","description":"Consultor\u00eda IT y desarrollo de software para empresas alemanas. Equipo experto, soporte multiidioma, garant\u00eda de 14 d\u00edas. Contacta WATA Factory hoy.","breadcrumb":{"@id":"https:\/\/wata.es\/es\/#breadcrumb"},"inLanguage":"es","potentialAction":[{"@type":"ReadAction","target":["https:\/\/wata.es\/es\/"]}]},{"@type":"BreadcrumbList","@id":"https:\/\/wata.es\/es\/#breadcrumb","itemListElement":[{"@type":"ListItem","position":1,"name":"Home","item":"https:\/\/wata.es\/es\/"},{"@type":"ListItem","position":2,"name":"Consultor\u00eda IT &#038; Outsourcing para tu empresa"}]},{"@type":"WebSite","@id":"https:\/\/wata.es\/#website","url":"https:\/\/wata.es\/","name":"WATA Factory","description":"IT Consulting &amp; Outsourcing for your company","publisher":{"@id":"https:\/\/wata.es\/#organization"},"potentialAction":[{"@type":"SearchAction","target":{"@type":"EntryPoint","urlTemplate":"https:\/\/wata.es\/?s={search_term_string}"},"query-input":{"@type":"PropertyValueSpecification","valueRequired":true,"valueName":"search_term_string"}}],"inLanguage":"es"},{"@type":"Organization","@id":"https:\/\/wata.es\/#organization","name":"WATA Factory","url":"https:\/\/wata.es\/","logo":{"@type":"ImageObject","inLanguage":"es","@id":"https:\/\/wata.es\/#\/schema\/logo\/image\/","url":"https:\/\/wata.es\/wp-content\/uploads\/2019\/12\/logowata.png","contentUrl":"https:\/\/wata.es\/wp-content\/uploads\/2019\/12\/logowata.png","width":688,"height":176,"caption":"WATA Factory"},"image":{"@id":"https:\/\/wata.es\/#\/schema\/logo\/image\/"},"sameAs":["https:\/\/www.facebook.com\/watafactory\/","https:\/\/x.com\/watafactory","https:\/\/www.linkedin.com\/company\/wata\/"]}]}},"_links":{"self":[{"href":"https:\/\/wata.es\/es\/wp-json\/wp\/v2\/pages\/2687","targetHints":{"allow":["GET"]}}],"collection":[{"href":"https:\/\/wata.es\/es\/wp-json\/wp\/v2\/pages"}],"about":[{"href":"https:\/\/wata.es\/es\/wp-json\/wp\/v2\/types\/page"}],"author":[{"embeddable":true,"href":"https:\/\/wata.es\/es\/wp-json\/wp\/v2\/users\/2"}],"replies":[{"embeddable":true,"href":"https:\/\/wata.es\/es\/wp-json\/wp\/v2\/comments?post=2687"}],"version-history":[{"count":5,"href":"https:\/\/wata.es\/es\/wp-json\/wp\/v2\/pages\/2687\/revisions"}],"predecessor-version":[{"id":16033,"href":"https:\/\/wata.es\/es\/wp-json\/wp\/v2\/pages\/2687\/revisions\/16033"}],"wp:attachment":[{"href":"https:\/\/wata.es\/es\/wp-json\/wp\/v2\/media?parent=2687"}],"curies":[{"name":"wp","href":"https:\/\/api.w.org\/{rel}","templated":true}]}}