{"id":2452,"date":"2019-12-12T09:46:11","date_gmt":"2019-12-12T09:46:11","guid":{"rendered":"https:\/\/wata.es\/?page_id=2452"},"modified":"2022-06-13T13:13:42","modified_gmt":"2022-06-13T11:13:42","slug":"privacy-policy","status":"publish","type":"page","link":"https:\/\/wata.es\/de\/privacy-policy\/","title":{"rendered":"Privatsph\u00e4re"},"content":{"rendered":"\n<p>In \u00dcbereinstimmung mit dem Gesetz \n34\/2002 vom 11. Juli \u00fcber Dienstleistungen der Informationsgesellschaft \nund des elektronischen Gesch\u00e4ftsverkehrs (LSSI) teilen wir Ihnen dies \nmit:<\/p>\n\n\n\n<p>WATA FACTORY (im Folgenden WATA FACTORY). ist eine Gesellschaft mit  beschr\u00e4nkter Haftung. Seine NIF ist B11924875 und seine Adresse ist AVENIDA TIO PEPE 8 &#8211; 11407 JEREZ DE LA FRONTERA (C\u00c1DIZ). Sie ist im  Handelsregister von CADIZ unter Buch 0, Band 2147, Folio 101, Seite  CA-47592 eingetragen.<\/p>\n\n\n\n<p>Kontaktdaten: Telefon: 956751809 E-Mail: <a href=\"mailto:gdpr@wata.es\">gdpr@wata.es<\/a><\/p>\n\n\n\n<h4 class=\"wp-block-heading\">Allgemeine Nutzungsbedingungen der WATA FACTORY-Website<\/h4>\n\n\n\n<p><br>Der Domainname www.wata.es ist Eigentum von WATA FACTORY und seine ausschlie\u00dfliche Nutzung ist ihm vorbehalten.<\/p>\n\n\n\n<p>Das offizielle Portal von www.wata.es zielt darauf ab, der \n\u00d6ffentlichkeit im Allgemeinen die Kenntnis der Aktivit\u00e4ten, die diese \nOrganisation durchf\u00fchrt, und der Produkte und Dienstleistungen, die im \nBereich der Informatik angeboten werden, zu erleichtern.<\/p>\n\n\n\n<p>Die Nutzung dieser Website impliziert die ausdr\u00fcckliche und \nvollst\u00e4ndige Annahme der hier dargelegten Bedingungen, unbeschadet der \nAngaben, die auf einige der \u00fcber die Website angebotenen Produkte oder \nspezifischen Dienstleistungen angewendet werden k\u00f6nnten.<\/p>\n\n\n\n<p>WATA FACTORY beh\u00e4lt sich das Recht vor, jederzeit und ohne vorherige \nAnk\u00fcndigung \u00c4nderungen und Aktualisierungen der in ihrem Web oder in \nihrer Konfiguration und Pr\u00e4sentation enthaltenen Informationen \nvorzunehmen.<\/p>\n\n\n\n<p>Um die im Portal ver\u00f6ffentlichten Informationen auf dem neuesten \nStand zu halten, kann der Inhalt jederzeit ge\u00e4ndert, korrigiert, \ngel\u00f6scht oder hinzugef\u00fcgt werden, so dass es bequem ist, die G\u00fcltigkeit \noder Richtigkeit dieser Informationen zu \u00fcberpr\u00fcfen, indem man zu den \noffiziellen Quellen geht.<\/p>\n\n\n\n<h4 class=\"wp-block-heading\">Geistiges und gewerbliches Eigentum und Rahmenbedingungen<\/h4>\n\n\n\n<p>Alle Elemente, die die Website bilden, sowie ihre Struktur, ihr \nDesign, ihr Quellcode sowie die darin enthaltenen Logos, Marken und \nsonstigen Kennzeichen sind Eigentum von WATA FACTORY oder ihrer \nMitarbeiter und durch die entsprechenden geistigen und gewerblichen \nSchutzrechte gesch\u00fctzt.<\/p>\n\n\n\n<p>Ebenso sind die in den Portalen enthaltenen Bilder und sonstigen \ngrafischen Elemente durch die entsprechenden geistigen und gewerblichen \nSchutzrechte gesch\u00fctzt.<\/p>\n\n\n\n<p>WATA FACTORY untersagt ausdr\u00fccklich die Durchf\u00fchrung von &#8222;Framings&#8220; \noder die Nutzung anderer Mechanismen durch Dritte, die das Design, die \nurspr\u00fcngliche Konfiguration oder den Inhalt unserer Portale ver\u00e4ndern.<\/p>\n\n\n\n<p>Die Nutzung der Inhalte muss Ihre jeweilige Lizenz respektieren. \nDaher ist ihre Verwendung, Vervielf\u00e4ltigung, Verbreitung, \u00f6ffentliche \nKommunikation, Transformation oder jede andere \u00e4hnliche oder analoge \nT\u00e4tigkeit v\u00f6llig verboten, es sei denn, sie sind vorher und ausdr\u00fccklich\n von WATA FACTORY genehmigt worden.<\/p>\n\n\n\n<p>In Bezug auf die Angebote von Nachrichten, Produkten und \nDienstleistungen Dritter, die im Internet erscheinen k\u00f6nnen, erkennt \nWATA FACTORY zugunsten seiner Inhaber die entsprechenden Rechte an \ngewerblichem und geistigem Eigentum an, wobei sie nicht die einzige \nErw\u00e4hnung oder den einzigen Auftritt im Internet das Bestehen von \nRechten, weder von Verantwortung noch von Rechten, die sich auf \ndieselben beziehen, noch von Unterst\u00fctzung, Sponsoring oder Empfehlung.<\/p>\n\n\n\n<p>WATA FACTORY erkl\u00e4rt sich mit den geistigen und gewerblichen \nSchutzrechten Dritter einverstanden; wenn Sie daher der Ansicht sind, \ndass unsere Portale Ihre Rechte verletzen k\u00f6nnten, wenden Sie sich bitte\n an WATA FACTORY.<\/p>\n\n\n\n<h4 class=\"wp-block-heading\">Haftung<\/h4>\n\n\n\n<p>WATA\n FACTORY garantiert nicht das Fehlen von Fehlern beim Zugang zum Web, \nbei dessen Inhalt oder bei der Aktualisierung, obwohl WATA FACTORY sich \nnach besten Kr\u00e4ften bem\u00fchen wird, diese in ihrem Fall zu vermeiden, zu \nkorrigieren oder zu aktualisieren.Tanto el acceso a los portales de WATA\n FACTORY como el uso que pueda hacerse de la informaci\u00f3n contenida en \nlos mismos es de la exclusiva responsabilidad de quien lo realiza.<\/p>\n\n\n\n<p>WATA\n FACTORY wird nicht zu einer Person, die f\u00fcr die m\u00f6glichen \nSicherheitsfehler verantwortlich ist, die weder f\u00fcr die m\u00f6glichen \nSch\u00e4den am Computersystem des Benutzers (Hard- und Software), an den in \ndemselben gespeicherten Dateien oder Dokumenten, noch f\u00fcr die \nAnwesenheit von Viren auf dem Computer des Benutzers, die f\u00fcr die \nVerbindung mit den Diensten und Inhalten des Internets verwendet werden,\n oder f\u00fcr einen schlechten Betrieb des Navigators oder f\u00fcr die \nVerwendung von nicht aktualisierten Versionen desselben verantwortlich \nsind.<\/p>\n\n\n\n<p>WATA\n FACTORY ist nicht verantwortlich f\u00fcr die gespeicherten Informationen \nund Inhalte, einschlie\u00dflich, aber nicht beschr\u00e4nkt auf Foren, Chats, \nBlogs, Kommentare, soziale Netzwerke oder andere Mittel, die es Dritten \nerm\u00f6glichen, Inhalte unabh\u00e4ngig auf der Website von WATA FACTORY zu \nver\u00f6ffentlichen.<\/p>\n\n\n\n<p>Dennoch\n und in \u00dcbereinstimmung mit den Bestimmungen des LSSI stellt sich WATA \nFACTORY allen Nutzern, Beh\u00f6rden und Sicherheitskr\u00e4ften zur Verf\u00fcgung und\n arbeitet aktiv an der Entfernung oder Blockierung aller Inhalte mit, \ndie nationale oder internationale Gesetze, Rechte Dritter oder Moral und\n \u00f6ffentliche Ordnung beeintr\u00e4chtigen oder verletzen k\u00f6nnten. Wenn der \nNutzer der Ansicht ist, dass es auf der Website Inhalte gibt, die f\u00fcr \ndiese Klassifizierung anf\u00e4llig sein k\u00f6nnten, wenden Sie sich bitte an \nWATA FACTORY.<\/p>\n\n\n\n<h4 class=\"wp-block-heading\">Links oder Hyperlinks<\/h4>\n\n\n\n<p>Die Website kann Links zu Inhalten enthalten, die zu Webinhalten \nDritter f\u00fchren. Der Zweck dieser Links ist ausschlie\u00dflich die \nErleichterung der Suche nach Ressourcen, die f\u00fcr Sie von Interesse sein \nk\u00f6nnten, \u00fcber das Internet. Dennoch geh\u00f6ren diese Seiten nicht zur WATA \nFACTORY, noch werden ihre Inhalte \u00fcberpr\u00fcft, und deshalb \u00fcbernimmt WATA \nFACTORY keine Verantwortung f\u00fcr die Inhalte, Informationen oder \nDienstleistungen, die auf diesen Seiten erscheinen k\u00f6nnen, die \nausschlie\u00dflich informativ sind und in keinem Fall eine Beziehung \nzwischen WATA FACTORY und den Personen oder K\u00f6rperschaften, die diese \nInhalte besitzen, oder den Eigent\u00fcmern der Seiten, auf denen sie sich \nbefinden, implizieren. WATA FACTORY kann auch nicht f\u00fcr den Betrieb der \nverlinkten Seite oder f\u00fcr m\u00f6gliche Sch\u00e4den, die sich aus dem Zugriff \noder der Nutzung derselben ergeben k\u00f6nnten, verantwortlich gemacht \nwerden.<\/p>\n\n\n\n<p>Die Links zur Website der WATA FACTORY m\u00fcssen die folgenden Bedingungen erf\u00fcllen:<\/p>\n\n\n\n<p>1. Die Einrichtung des Links impliziert per se keine Art von \nVereinbarung, Vertrag, Sponsoring oder Empfehlung seitens der WATA \nFACTORY der Seite, die den Link herstellt.<\/p>\n\n\n\n<p>2. Die Website, auf der der Hyperlink eingerichtet ist, darf keine \nInformationen enthalten, die rechtswidrig, diskriminierend, gegen \nallgemein anerkannte ethische Grunds\u00e4tze versto\u00dfend oder die \u00f6ffentliche\n Ordnung gef\u00e4hrden, noch darf sie Inhalte enthalten, die Rechte Dritter \nverletzen.<\/p>\n\n\n\n<p>3. WATA FACTORY kann verlangen, dass ein Link zu seiner Website \nentfernt wird, ohne dass ein Grund angegeben werden muss. In diesem Fall\n muss die Seite, die den Link gesetzt hat, zu ihrer \nIn-Mediata-Unterdr\u00fcckung \u00fcbergehen, sobald sie die Benachrichtigung WATA\n FACTORY erh\u00e4lt.<\/p>\n\n\n\n<p>4. Ist in keiner Weise verantwortlich oder garantiert die Qualit\u00e4t, \nGenauigkeit, Zuverl\u00e4ssigkeit, Genauigkeit oder Moral von Inhalten oder \nDienstleistungen, die die Einrichtung des Hyperlinks bieten kann. Der \nNutzer \u00fcbernimmt die alleinige Verantwortung f\u00fcr alle Folgen, Sch\u00e4den \noder Handlungen, die sich aus dem Zugriff auf die Website des Hyperlinks\n ergeben k\u00f6nnen.<\/p>\n\n\n\n<h4 class=\"wp-block-heading\">Schutz personenbezogener Daten<\/h4>\n\n\n\n<p>WATA FACTORY f\u00fchlt sich der Erf\u00fcllung der Vorschriften zum Schutz \npersonenbezogener Daten verpflichtet und garantiert die vollst\u00e4ndige \nErf\u00fcllung der vereinbarten Verpflichtungen sowie die Umsetzung der \nentsprechenden Sicherheitsma\u00dfnahmen, um ein dem Risiko angemessenes \nSicherheitsniveau zu gew\u00e4hrleisten.<\/p>\n\n\n\n<p>WATA FACTORY stellt seine Datenschutzerkl\u00e4rung den Nutzern zur Verf\u00fcgung.<\/p>\n\n\n\n<h4 class=\"wp-block-heading\">Anwendbares Recht und Gerichtsstand<\/h4>\n\n\n\n<p>Das anwendbare Recht im Falle von Streitigkeiten oder Konflikten bei \nder Auslegung der Bedingungen, die dieser rechtlichen Mitteilung \nentsprechen, sowie alle Fragen im Zusammenhang mit den Diensten des \nvorliegenden Portals sind das spanische Recht.<\/p>\n\n\n\n<p>Zur L\u00f6sung von Konflikten, die beim Besuch des Portals oder bei der \nNutzung der darin angebotenen Dienste auftreten k\u00f6nnen, verpflichten \nsich WATA FACTORY und der Nutzer, sich den Richtern und Gerichten am \nSitz von WATA FACTORY zu unterwerfen.<\/p>\n","protected":false},"excerpt":{"rendered":"<p>In \u00dcbereinstimmung mit dem Gesetz 34\/2002 vom 11. Juli \u00fcber Dienstleistungen der Informationsgesellschaft und des elektronischen Gesch\u00e4ftsverkehrs (LSSI) teilen wir Ihnen dies mit: WATA FACTORY (im Folgenden WATA FACTORY). ist eine Gesellschaft mit beschr\u00e4nkter Haftung. Seine NIF ist B11924875 und seine Adresse ist AVENIDA TIO PEPE 8 &#8211; 11407 JEREZ DE LA FRONTERA (C\u00c1DIZ). Sie [&hellip;]<\/p>\n","protected":false},"author":2,"featured_media":0,"parent":0,"menu_order":0,"comment_status":"closed","ping_status":"open","template":"","meta":{"inline_featured_image":false,"footnotes":""},"class_list":["post-2452","page","type-page","status-publish","hentry"],"yoast_head":"<!-- This site is optimized with the Yoast SEO plugin v27.3 - https:\/\/yoast.com\/product\/yoast-seo-wordpress\/ -->\n<title>Privatsph\u00e4re - WATA Factory<\/title>\n<meta name=\"robots\" content=\"index, follow, max-snippet:-1, max-image-preview:large, max-video-preview:-1\" \/>\n<link rel=\"canonical\" href=\"https:\/\/wata.es\/de\/privacy-policy\/\" \/>\n<meta property=\"og:locale\" content=\"de_DE\" \/>\n<meta property=\"og:type\" content=\"article\" \/>\n<meta property=\"og:title\" content=\"Privatsph\u00e4re - WATA Factory\" \/>\n<meta property=\"og:description\" content=\"In \u00dcbereinstimmung mit dem Gesetz 34\/2002 vom 11. Juli \u00fcber Dienstleistungen der Informationsgesellschaft und des elektronischen Gesch\u00e4ftsverkehrs (LSSI) teilen wir Ihnen dies mit: WATA FACTORY (im Folgenden WATA FACTORY). ist eine Gesellschaft mit beschr\u00e4nkter Haftung. Seine NIF ist B11924875 und seine Adresse ist AVENIDA TIO PEPE 8 &#8211; 11407 JEREZ DE LA FRONTERA (C\u00c1DIZ). Sie [&hellip;]\" \/>\n<meta property=\"og:url\" content=\"https:\/\/wata.es\/de\/privacy-policy\/\" \/>\n<meta property=\"og:site_name\" content=\"WATA Factory\" \/>\n<meta property=\"article:publisher\" content=\"https:\/\/www.facebook.com\/watafactory\/\" \/>\n<meta property=\"article:modified_time\" content=\"2022-06-13T11:13:42+00:00\" \/>\n<meta name=\"twitter:card\" content=\"summary_large_image\" \/>\n<meta name=\"twitter:site\" content=\"@watafactory\" \/>\n<meta name=\"twitter:label1\" content=\"Gesch\u00e4tzte Lesezeit\" \/>\n\t<meta name=\"twitter:data1\" content=\"6\u00a0Minuten\" \/>\n<script type=\"application\/ld+json\" class=\"yoast-schema-graph\">{\"@context\":\"https:\\\/\\\/schema.org\",\"@graph\":[{\"@type\":\"WebPage\",\"@id\":\"https:\\\/\\\/wata.es\\\/de\\\/privacy-policy\\\/\",\"url\":\"https:\\\/\\\/wata.es\\\/de\\\/privacy-policy\\\/\",\"name\":\"Privatsph\u00e4re - WATA Factory\",\"isPartOf\":{\"@id\":\"https:\\\/\\\/wata.es\\\/#website\"},\"datePublished\":\"2019-12-12T09:46:11+00:00\",\"dateModified\":\"2022-06-13T11:13:42+00:00\",\"breadcrumb\":{\"@id\":\"https:\\\/\\\/wata.es\\\/de\\\/privacy-policy\\\/#breadcrumb\"},\"inLanguage\":\"de\",\"potentialAction\":[{\"@type\":\"ReadAction\",\"target\":[\"https:\\\/\\\/wata.es\\\/de\\\/privacy-policy\\\/\"]}]},{\"@type\":\"BreadcrumbList\",\"@id\":\"https:\\\/\\\/wata.es\\\/de\\\/privacy-policy\\\/#breadcrumb\",\"itemListElement\":[{\"@type\":\"ListItem\",\"position\":1,\"name\":\"Home\",\"item\":\"https:\\\/\\\/wata.es\\\/de\\\/\"},{\"@type\":\"ListItem\",\"position\":2,\"name\":\"Privatsph\u00e4re\"}]},{\"@type\":\"WebSite\",\"@id\":\"https:\\\/\\\/wata.es\\\/#website\",\"url\":\"https:\\\/\\\/wata.es\\\/\",\"name\":\"WATA Factory\",\"description\":\"IT Consulting &amp; Outsourcing for your company\",\"publisher\":{\"@id\":\"https:\\\/\\\/wata.es\\\/#organization\"},\"potentialAction\":[{\"@type\":\"SearchAction\",\"target\":{\"@type\":\"EntryPoint\",\"urlTemplate\":\"https:\\\/\\\/wata.es\\\/?s={search_term_string}\"},\"query-input\":{\"@type\":\"PropertyValueSpecification\",\"valueRequired\":true,\"valueName\":\"search_term_string\"}}],\"inLanguage\":\"de\"},{\"@type\":\"Organization\",\"@id\":\"https:\\\/\\\/wata.es\\\/#organization\",\"name\":\"WATA Factory\",\"url\":\"https:\\\/\\\/wata.es\\\/\",\"logo\":{\"@type\":\"ImageObject\",\"inLanguage\":\"de\",\"@id\":\"https:\\\/\\\/wata.es\\\/#\\\/schema\\\/logo\\\/image\\\/\",\"url\":\"https:\\\/\\\/wata.es\\\/wp-content\\\/uploads\\\/2019\\\/12\\\/logowata.png\",\"contentUrl\":\"https:\\\/\\\/wata.es\\\/wp-content\\\/uploads\\\/2019\\\/12\\\/logowata.png\",\"width\":688,\"height\":176,\"caption\":\"WATA Factory\"},\"image\":{\"@id\":\"https:\\\/\\\/wata.es\\\/#\\\/schema\\\/logo\\\/image\\\/\"},\"sameAs\":[\"https:\\\/\\\/www.facebook.com\\\/watafactory\\\/\",\"https:\\\/\\\/x.com\\\/watafactory\",\"https:\\\/\\\/www.linkedin.com\\\/company\\\/wata\\\/\"]}]}<\/script>\n<!-- \/ Yoast SEO plugin. -->","yoast_head_json":{"title":"Privatsph\u00e4re - WATA Factory","robots":{"index":"index","follow":"follow","max-snippet":"max-snippet:-1","max-image-preview":"max-image-preview:large","max-video-preview":"max-video-preview:-1"},"canonical":"https:\/\/wata.es\/de\/privacy-policy\/","og_locale":"de_DE","og_type":"article","og_title":"Privatsph\u00e4re - WATA Factory","og_description":"In \u00dcbereinstimmung mit dem Gesetz 34\/2002 vom 11. Juli \u00fcber Dienstleistungen der Informationsgesellschaft und des elektronischen Gesch\u00e4ftsverkehrs (LSSI) teilen wir Ihnen dies mit: WATA FACTORY (im Folgenden WATA FACTORY). ist eine Gesellschaft mit beschr\u00e4nkter Haftung. Seine NIF ist B11924875 und seine Adresse ist AVENIDA TIO PEPE 8 &#8211; 11407 JEREZ DE LA FRONTERA (C\u00c1DIZ). Sie [&hellip;]","og_url":"https:\/\/wata.es\/de\/privacy-policy\/","og_site_name":"WATA Factory","article_publisher":"https:\/\/www.facebook.com\/watafactory\/","article_modified_time":"2022-06-13T11:13:42+00:00","twitter_card":"summary_large_image","twitter_site":"@watafactory","twitter_misc":{"Gesch\u00e4tzte Lesezeit":"6\u00a0Minuten"},"schema":{"@context":"https:\/\/schema.org","@graph":[{"@type":"WebPage","@id":"https:\/\/wata.es\/de\/privacy-policy\/","url":"https:\/\/wata.es\/de\/privacy-policy\/","name":"Privatsph\u00e4re - WATA Factory","isPartOf":{"@id":"https:\/\/wata.es\/#website"},"datePublished":"2019-12-12T09:46:11+00:00","dateModified":"2022-06-13T11:13:42+00:00","breadcrumb":{"@id":"https:\/\/wata.es\/de\/privacy-policy\/#breadcrumb"},"inLanguage":"de","potentialAction":[{"@type":"ReadAction","target":["https:\/\/wata.es\/de\/privacy-policy\/"]}]},{"@type":"BreadcrumbList","@id":"https:\/\/wata.es\/de\/privacy-policy\/#breadcrumb","itemListElement":[{"@type":"ListItem","position":1,"name":"Home","item":"https:\/\/wata.es\/de\/"},{"@type":"ListItem","position":2,"name":"Privatsph\u00e4re"}]},{"@type":"WebSite","@id":"https:\/\/wata.es\/#website","url":"https:\/\/wata.es\/","name":"WATA Factory","description":"IT Consulting &amp; Outsourcing for your company","publisher":{"@id":"https:\/\/wata.es\/#organization"},"potentialAction":[{"@type":"SearchAction","target":{"@type":"EntryPoint","urlTemplate":"https:\/\/wata.es\/?s={search_term_string}"},"query-input":{"@type":"PropertyValueSpecification","valueRequired":true,"valueName":"search_term_string"}}],"inLanguage":"de"},{"@type":"Organization","@id":"https:\/\/wata.es\/#organization","name":"WATA Factory","url":"https:\/\/wata.es\/","logo":{"@type":"ImageObject","inLanguage":"de","@id":"https:\/\/wata.es\/#\/schema\/logo\/image\/","url":"https:\/\/wata.es\/wp-content\/uploads\/2019\/12\/logowata.png","contentUrl":"https:\/\/wata.es\/wp-content\/uploads\/2019\/12\/logowata.png","width":688,"height":176,"caption":"WATA Factory"},"image":{"@id":"https:\/\/wata.es\/#\/schema\/logo\/image\/"},"sameAs":["https:\/\/www.facebook.com\/watafactory\/","https:\/\/x.com\/watafactory","https:\/\/www.linkedin.com\/company\/wata\/"]}]}},"_links":{"self":[{"href":"https:\/\/wata.es\/de\/wp-json\/wp\/v2\/pages\/2452","targetHints":{"allow":["GET"]}}],"collection":[{"href":"https:\/\/wata.es\/de\/wp-json\/wp\/v2\/pages"}],"about":[{"href":"https:\/\/wata.es\/de\/wp-json\/wp\/v2\/types\/page"}],"author":[{"embeddable":true,"href":"https:\/\/wata.es\/de\/wp-json\/wp\/v2\/users\/2"}],"replies":[{"embeddable":true,"href":"https:\/\/wata.es\/de\/wp-json\/wp\/v2\/comments?post=2452"}],"version-history":[{"count":5,"href":"https:\/\/wata.es\/de\/wp-json\/wp\/v2\/pages\/2452\/revisions"}],"predecessor-version":[{"id":6504,"href":"https:\/\/wata.es\/de\/wp-json\/wp\/v2\/pages\/2452\/revisions\/6504"}],"wp:attachment":[{"href":"https:\/\/wata.es\/de\/wp-json\/wp\/v2\/media?parent=2452"}],"curies":[{"name":"wp","href":"https:\/\/api.w.org\/{rel}","templated":true}]}}