{"id":2450,"date":"2019-12-19T10:46:03","date_gmt":"2019-12-19T10:46:03","guid":{"rendered":"https:\/\/wata.es\/?page_id=2450"},"modified":"2020-09-09T16:53:13","modified_gmt":"2020-09-09T14:53:13","slug":"data-protection","status":"publish","type":"page","link":"https:\/\/wata.es\/de\/data-protection\/","title":{"rendered":"Datenschutz"},"content":{"rendered":"\n<p>WATA FACTORY S.L. (das &#8222;Unternehmen&#8220;) ist eine Organisation, die mit der Verarbeitung personenbezogener Daten betraut ist, und somit die Verantwortung tr\u00e4gt, alle Arbeitsabl\u00e4ufe so zu gestalten, dass sie mit der Rechtskonformit\u00e4t abgestimmt sind. <\/p>\n\n\n\n<p>In Aus\u00fcbung dieser Verantwortung und zur Festlegung der allgemeinen Grunds\u00e4tze, welche den Umgang mit personenbezogenen Daten im Unternehmen festlegen, wird diese Richtlinie zum Schutz personenbezogener Daten bewilligt und den Mitarbeitern und allen interessierten Personen zur Verf\u00fcgung gestellt. <\/p>\n\n\n\n<h4 class=\"wp-block-heading\">1. Zweck<\/h4>\n\n\n\n<p>Die Richtlinien zum Schutz von personenbezogenen Daten sind eine Ma\u00dfnahme von proaktiver Verantwortung, die als Ziel die Einhaltung des geltenden Rechts auf Ehre und Integrit\u00e4t hat, in Bezug auf die Behandlung von personenbezogenen Daten aller Personen, die mit der Firma in Verbindung stehen. <\/p>\n\n\n\n<p>Die Ausarbeitung der Bestimmungen dieser Richtlinie zum Schutz personenbezogener Daten dient zur Festlegung welche Grunds\u00e4tze f\u00fcr die Verarbeitung der Daten in der Organisation und zugrunde gelegt werden, und als Auswirkung, zu welchen Verfahren und organisatorischen sowie sicherheitsrelevanten Ma\u00dfnahmen sich die von diesen Richtlinien betroffenen Personen verpflichten, diese in ihrem Verantwortungsbereich umzusetzen. <\/p>\n\n\n\n<p>Zu diesem Zweck weist TOTALDAT, S.L.U. Adresse C\/ GASPAR MENDEZ 3. OFICINA 3 BADAJOZ, BADAJOZ E-Mail-Adresse p.lorenzo@totaldat.es, in Zusammenarbeit mit der Gesch\u00e4ftsleitung, die Verantwortung an das Personal, welches mit Datenverarbeitungsvorg\u00e4ngen betraut ist.  <\/p>\n\n\n\n<h4 class=\"wp-block-heading\">2. Anwendungsbereich<\/h4>\n\n\n\n<p>Diese Richtlinie zum Schutz personenbezogener Daten wird im Unternehmen angewendet, und gilt f\u00fcr Manager, Direktoren und Mitarbeiter, sowie allen Personen, die mit dem Unternehmen zu tun haben, ausdr\u00fccklich einbezogen sind Auftragnehmer mit Zugang zu Daten (Datenschutzbeauftragte) <\/p>\n\n\n\n<h4 class=\"wp-block-heading\">3. Grunds\u00e4tze f\u00fcr die Verarbeitung personenbezogener Daten<\/h4>\n\n\n\n<p>Als allgemeiner Grundsatz gilt die gewissenhafte Einhaltung der Gesetzgebung in Bezug auf den Schutz personenbezogener Daten und die Einhaltung muss auch nachgewiesen werden k\u00f6nnen (Prinzip der \u201eproaktiven Verantwortung\u201c) mit besonderem Augenmerk auf die Verfahren, welche eine gr\u00f6\u00dfere Gef\u00e4hrdung f\u00fcr die Rechte der Betroffenen darstellen. (Prinzip \u201eRisikoansatz\u201c) <\/p>\n\n\n\n<p>In Bezug auf das oben genannte wird WATA Factory S.L. die folgenden Grunds\u00e4tze sicherstellen: <\/p>\n\n\n\n<p>-Rechtm\u00e4\u00dfigkeit, Loyalit\u00e4t, Transparenz und Begrenzung der Strafbarkeit. Die betroffene Person muss stets durch Klauseln und andere Verfahren, \u00fcber den Umgang mit ihren Daten informiert sein; und der Umgang wird nur dann als rechtm\u00e4\u00dfig erkl\u00e4rt, wenn die Zustimmung zur Datenverarbeitung vorliegt (mit besonderem Augenmerk bei Minderj\u00e4hrigen), oder ein anderer Rechtsstatus g\u00fcltig ist, welcher mit der Normative \u00fcbereinstimmt. <\/p>\n\n\n\n<p>-Datenminimierung. Die erhobenen Daten m\u00fcssen in Bezug auf die Verarbeitungszwecke angemessen, relevant und limitiert sein.  <\/p>\n\n\n\n<p>-Genauigkeit. Die Daten m\u00fcssen genau und, wenn notwendig, immer aktualisiert sein. Hierzu werden notwendige Ma\u00dfnahmen durchgef\u00fchrt, um nicht korrekte Daten unverz\u00fcglich zu l\u00f6schen oder zu korrigieren. <\/p>\n\n\n\n<p>-Beschr\u00e4nkung der Aufbewahrungszeit. Die Daten werden so aufbewahrt, dass eine Identifizierung der betroffenen Personen nicht l\u00e4nger m\u00f6glich ist, als f\u00fcr die Zwecke der Verarbeitung notwendig.  <\/p>\n\n\n\n<p>-Integrit\u00e4t und Vertraulichkeit. Die Daten werden so behandelt, dass durch die Anwendung geeigneter technischer oder organisatorischer Ma\u00dfnahmen ein Schutz der pers\u00f6nlichen Daten garantiert ist, einschlie\u00dflich Schutz vor unbefugter oder unrechtm\u00e4\u00dfiger Verarbeitung und Datenverlust, versehentliche Zerst\u00f6rung oder Besch\u00e4digung.  <\/p>\n\n\n\n<p>-Daten\u00fcbertragungen. Der Kauf oder Erhalt von personenbezogenen Daten aus illegalen Quellen, unter Missachtung des Gesetzes eingeholte oder \u00fcbertragene Daten, deren Legitimit\u00e4t nicht ausreichend gew\u00e4hrleistet ist, ist verboten.   <\/p>\n\n\n\n<p>-Beauftragung von Dienstleistern mit Zugang zu Daten. Es werden nur Dienstleister unter Vertrag gestellt, die ausreichend garantieren k\u00f6nnen, dass sie \u00fcber technische M\u00f6glichkeiten zur angemessenen Datenverarbeitungssicherheit verf\u00fcgen und diese anwenden. Mit diesen Drittanbietern wird diesbez\u00fcglich eine entsprechende Vereinbarung getroffen. <\/p>\n\n\n\n<p>-Internationale Daten\u00fcbermittlung. Jegliche Verarbeitung personenbezogener Daten, welche den Vorschriften der Europ\u00e4ischen Union unterliegen und ein Datentransfer au\u00dferhalb des Europ\u00e4ischen Wirtschaftsraums notwendig ist, dann muss dieser Transfer unter strikter Einhaltung der Anforderungen des geltenden Rechts erfolgen.   <\/p>\n\n\n\n<p>-Rechte der Beteiligten. Das Unternehmen gibt den Beteiligten die Berechtigung auf Zugriff, Richtigstellung, L\u00f6schung, Einschr\u00e4nkung der Verarbeitung, Widerspruch und \u00dcbertragbarkeit ihrer Daten, hier werden die internen Verfahren und besonders die vorhandenen Prozessabl\u00e4ufe zugrunde gelegt, die notwendig und angemessen sind und die mindestens die jeweils geltenden gesetzlichen Anforderungen erf\u00fcllen m\u00fcssen.   <\/p>\n\n\n\n<p>Das Unternehmen setzt sich daf\u00fcr ein, dass die in dieser Datenschutzrichtlinie dargelegten Grunds\u00e4tze in folgenden F\u00e4llen ber\u00fccksichtigt werden (i) bei der Gestaltung und Umsetzung aller Arbeitsprozesse (ii) in den angebotenen Produkten und Dienstleistungen (iii) in allen Vertr\u00e4gen und Verpflichtungen die abgeschlossen oder \u00fcbernommen werden (iv) sowie in der Umsetzung zu wie vielen Systemen und Plattformen der Zugang f\u00fcr Mitarbeiter oder Drittpersonen und\/oder die Erfassung oder Verarbeitung von pers\u00f6nlichen Daten genehmigt wird.  <\/p>\n\n\n\n<h4 class=\"wp-block-heading\">4. Verpflichtung der Mitarbeiter <\/h4>\n\n\n\n<p>Die Mitarbeiter werden \u00fcber diese Richtlinien informiert und sie stimmen zu, dass die personenbezogenen Daten Bestandteil der Firma sind und sie diese aktiv anwenden werden, infolge dessen, sie sich zu Folgendem verpflichten: <\/p>\n\n\n\n<p>-Teilnahme an der Schulung zum Datenschutz, welche das Unternehmen zur Verf\u00fcgung stellt. <\/p>\n\n\n\n<p>-Anwendung der Sicherheitsma\u00dfnahmen f\u00fcr die auf ihre Arbeitsstelle zutreffende Benutzerebene, ungeachtet der Daten, auf welche sie innerhalb ihrer Verantwortlichkeiten und w\u00e4hrend der Gestaltung und Durchf\u00fchrung Ihrer T\u00e4tigkeiten Zugriff bekommen k\u00f6nnen oder k\u00f6nnten.  <\/p>\n\n\n\n<p>-Unverz\u00fcgliche Information an das Unternehmen \u00fcber Abweichungen von Bestimmungen dieser Richtlinie, insbesondere zu \u201eVerst\u00f6\u00dfen gegen die Sicherheit personenbezogener Daten\u201c unter Verwendung der zu diesem Zweck festgelegten Prozessabl\u00e4ufe.  <\/p>\n\n\n\n<h4 class=\"wp-block-heading\">5. \u00dcberwachung und Auswertung <\/h4>\n\n\n\n<p>Es wird eine j\u00e4hrliche \u00dcberpr\u00fcfung, Bewertung und Beurteilung durchgef\u00fchrt, oder wann immer es signifikante \u00c4nderungen in der Datenverarbeitung gibt, in Hinblick auf die Wirksamkeit der technischen und organisatorischen Ma\u00dfnahmen zur Gew\u00e4hrleistung der Sicherheit der Datenverarbeitung.  <\/p>\n","protected":false},"excerpt":{"rendered":"<p>WATA FACTORY S.L. (das &#8222;Unternehmen&#8220;) ist eine Organisation, die mit der Verarbeitung personenbezogener Daten betraut ist, und somit die Verantwortung tr\u00e4gt, alle Arbeitsabl\u00e4ufe so zu gestalten, dass sie mit der Rechtskonformit\u00e4t abgestimmt sind. In Aus\u00fcbung dieser Verantwortung und zur Festlegung der allgemeinen Grunds\u00e4tze, welche den Umgang mit personenbezogenen Daten im Unternehmen festlegen, wird diese Richtlinie [&hellip;]<\/p>\n","protected":false},"author":2,"featured_media":0,"parent":0,"menu_order":0,"comment_status":"closed","ping_status":"closed","template":"","meta":{"inline_featured_image":false,"footnotes":""},"class_list":["post-2450","page","type-page","status-publish","hentry"],"yoast_head":"<!-- This site is optimized with the Yoast SEO plugin v27.3 - https:\/\/yoast.com\/product\/yoast-seo-wordpress\/ -->\n<title>Datenschutz - WATA Factory<\/title>\n<meta name=\"robots\" content=\"index, follow, max-snippet:-1, max-image-preview:large, max-video-preview:-1\" \/>\n<link rel=\"canonical\" href=\"https:\/\/wata.es\/de\/data-protection\/\" \/>\n<meta property=\"og:locale\" content=\"de_DE\" \/>\n<meta property=\"og:type\" content=\"article\" \/>\n<meta property=\"og:title\" content=\"Datenschutz - WATA Factory\" \/>\n<meta property=\"og:description\" content=\"WATA FACTORY S.L. (das &#8222;Unternehmen&#8220;) ist eine Organisation, die mit der Verarbeitung personenbezogener Daten betraut ist, und somit die Verantwortung tr\u00e4gt, alle Arbeitsabl\u00e4ufe so zu gestalten, dass sie mit der Rechtskonformit\u00e4t abgestimmt sind. In Aus\u00fcbung dieser Verantwortung und zur Festlegung der allgemeinen Grunds\u00e4tze, welche den Umgang mit personenbezogenen Daten im Unternehmen festlegen, wird diese Richtlinie [&hellip;]\" \/>\n<meta property=\"og:url\" content=\"https:\/\/wata.es\/de\/data-protection\/\" \/>\n<meta property=\"og:site_name\" content=\"WATA Factory\" \/>\n<meta property=\"article:publisher\" content=\"https:\/\/www.facebook.com\/watafactory\/\" \/>\n<meta property=\"article:modified_time\" content=\"2020-09-09T14:53:13+00:00\" \/>\n<meta name=\"twitter:card\" content=\"summary_large_image\" \/>\n<meta name=\"twitter:site\" content=\"@watafactory\" \/>\n<meta name=\"twitter:label1\" content=\"Gesch\u00e4tzte Lesezeit\" \/>\n\t<meta name=\"twitter:data1\" content=\"5\u00a0Minuten\" \/>\n<script type=\"application\/ld+json\" class=\"yoast-schema-graph\">{\"@context\":\"https:\\\/\\\/schema.org\",\"@graph\":[{\"@type\":\"WebPage\",\"@id\":\"https:\\\/\\\/wata.es\\\/de\\\/data-protection\\\/\",\"url\":\"https:\\\/\\\/wata.es\\\/de\\\/data-protection\\\/\",\"name\":\"Datenschutz - WATA Factory\",\"isPartOf\":{\"@id\":\"https:\\\/\\\/wata.es\\\/#website\"},\"datePublished\":\"2019-12-19T10:46:03+00:00\",\"dateModified\":\"2020-09-09T14:53:13+00:00\",\"breadcrumb\":{\"@id\":\"https:\\\/\\\/wata.es\\\/de\\\/data-protection\\\/#breadcrumb\"},\"inLanguage\":\"de\",\"potentialAction\":[{\"@type\":\"ReadAction\",\"target\":[\"https:\\\/\\\/wata.es\\\/de\\\/data-protection\\\/\"]}]},{\"@type\":\"BreadcrumbList\",\"@id\":\"https:\\\/\\\/wata.es\\\/de\\\/data-protection\\\/#breadcrumb\",\"itemListElement\":[{\"@type\":\"ListItem\",\"position\":1,\"name\":\"Home\",\"item\":\"https:\\\/\\\/wata.es\\\/de\\\/\"},{\"@type\":\"ListItem\",\"position\":2,\"name\":\"Datenschutz\"}]},{\"@type\":\"WebSite\",\"@id\":\"https:\\\/\\\/wata.es\\\/#website\",\"url\":\"https:\\\/\\\/wata.es\\\/\",\"name\":\"WATA Factory\",\"description\":\"IT Consulting &amp; Outsourcing for your company\",\"publisher\":{\"@id\":\"https:\\\/\\\/wata.es\\\/#organization\"},\"potentialAction\":[{\"@type\":\"SearchAction\",\"target\":{\"@type\":\"EntryPoint\",\"urlTemplate\":\"https:\\\/\\\/wata.es\\\/?s={search_term_string}\"},\"query-input\":{\"@type\":\"PropertyValueSpecification\",\"valueRequired\":true,\"valueName\":\"search_term_string\"}}],\"inLanguage\":\"de\"},{\"@type\":\"Organization\",\"@id\":\"https:\\\/\\\/wata.es\\\/#organization\",\"name\":\"WATA Factory\",\"url\":\"https:\\\/\\\/wata.es\\\/\",\"logo\":{\"@type\":\"ImageObject\",\"inLanguage\":\"de\",\"@id\":\"https:\\\/\\\/wata.es\\\/#\\\/schema\\\/logo\\\/image\\\/\",\"url\":\"https:\\\/\\\/wata.es\\\/wp-content\\\/uploads\\\/2019\\\/12\\\/logowata.png\",\"contentUrl\":\"https:\\\/\\\/wata.es\\\/wp-content\\\/uploads\\\/2019\\\/12\\\/logowata.png\",\"width\":688,\"height\":176,\"caption\":\"WATA Factory\"},\"image\":{\"@id\":\"https:\\\/\\\/wata.es\\\/#\\\/schema\\\/logo\\\/image\\\/\"},\"sameAs\":[\"https:\\\/\\\/www.facebook.com\\\/watafactory\\\/\",\"https:\\\/\\\/x.com\\\/watafactory\",\"https:\\\/\\\/www.linkedin.com\\\/company\\\/wata\\\/\"]}]}<\/script>\n<!-- \/ Yoast SEO plugin. -->","yoast_head_json":{"title":"Datenschutz - WATA Factory","robots":{"index":"index","follow":"follow","max-snippet":"max-snippet:-1","max-image-preview":"max-image-preview:large","max-video-preview":"max-video-preview:-1"},"canonical":"https:\/\/wata.es\/de\/data-protection\/","og_locale":"de_DE","og_type":"article","og_title":"Datenschutz - WATA Factory","og_description":"WATA FACTORY S.L. (das &#8222;Unternehmen&#8220;) ist eine Organisation, die mit der Verarbeitung personenbezogener Daten betraut ist, und somit die Verantwortung tr\u00e4gt, alle Arbeitsabl\u00e4ufe so zu gestalten, dass sie mit der Rechtskonformit\u00e4t abgestimmt sind. In Aus\u00fcbung dieser Verantwortung und zur Festlegung der allgemeinen Grunds\u00e4tze, welche den Umgang mit personenbezogenen Daten im Unternehmen festlegen, wird diese Richtlinie [&hellip;]","og_url":"https:\/\/wata.es\/de\/data-protection\/","og_site_name":"WATA Factory","article_publisher":"https:\/\/www.facebook.com\/watafactory\/","article_modified_time":"2020-09-09T14:53:13+00:00","twitter_card":"summary_large_image","twitter_site":"@watafactory","twitter_misc":{"Gesch\u00e4tzte Lesezeit":"5\u00a0Minuten"},"schema":{"@context":"https:\/\/schema.org","@graph":[{"@type":"WebPage","@id":"https:\/\/wata.es\/de\/data-protection\/","url":"https:\/\/wata.es\/de\/data-protection\/","name":"Datenschutz - WATA Factory","isPartOf":{"@id":"https:\/\/wata.es\/#website"},"datePublished":"2019-12-19T10:46:03+00:00","dateModified":"2020-09-09T14:53:13+00:00","breadcrumb":{"@id":"https:\/\/wata.es\/de\/data-protection\/#breadcrumb"},"inLanguage":"de","potentialAction":[{"@type":"ReadAction","target":["https:\/\/wata.es\/de\/data-protection\/"]}]},{"@type":"BreadcrumbList","@id":"https:\/\/wata.es\/de\/data-protection\/#breadcrumb","itemListElement":[{"@type":"ListItem","position":1,"name":"Home","item":"https:\/\/wata.es\/de\/"},{"@type":"ListItem","position":2,"name":"Datenschutz"}]},{"@type":"WebSite","@id":"https:\/\/wata.es\/#website","url":"https:\/\/wata.es\/","name":"WATA Factory","description":"IT Consulting &amp; Outsourcing for your company","publisher":{"@id":"https:\/\/wata.es\/#organization"},"potentialAction":[{"@type":"SearchAction","target":{"@type":"EntryPoint","urlTemplate":"https:\/\/wata.es\/?s={search_term_string}"},"query-input":{"@type":"PropertyValueSpecification","valueRequired":true,"valueName":"search_term_string"}}],"inLanguage":"de"},{"@type":"Organization","@id":"https:\/\/wata.es\/#organization","name":"WATA Factory","url":"https:\/\/wata.es\/","logo":{"@type":"ImageObject","inLanguage":"de","@id":"https:\/\/wata.es\/#\/schema\/logo\/image\/","url":"https:\/\/wata.es\/wp-content\/uploads\/2019\/12\/logowata.png","contentUrl":"https:\/\/wata.es\/wp-content\/uploads\/2019\/12\/logowata.png","width":688,"height":176,"caption":"WATA Factory"},"image":{"@id":"https:\/\/wata.es\/#\/schema\/logo\/image\/"},"sameAs":["https:\/\/www.facebook.com\/watafactory\/","https:\/\/x.com\/watafactory","https:\/\/www.linkedin.com\/company\/wata\/"]}]}},"_links":{"self":[{"href":"https:\/\/wata.es\/de\/wp-json\/wp\/v2\/pages\/2450","targetHints":{"allow":["GET"]}}],"collection":[{"href":"https:\/\/wata.es\/de\/wp-json\/wp\/v2\/pages"}],"about":[{"href":"https:\/\/wata.es\/de\/wp-json\/wp\/v2\/types\/page"}],"author":[{"embeddable":true,"href":"https:\/\/wata.es\/de\/wp-json\/wp\/v2\/users\/2"}],"replies":[{"embeddable":true,"href":"https:\/\/wata.es\/de\/wp-json\/wp\/v2\/comments?post=2450"}],"version-history":[{"count":0,"href":"https:\/\/wata.es\/de\/wp-json\/wp\/v2\/pages\/2450\/revisions"}],"wp:attachment":[{"href":"https:\/\/wata.es\/de\/wp-json\/wp\/v2\/media?parent=2450"}],"curies":[{"name":"wp","href":"https:\/\/api.w.org\/{rel}","templated":true}]}}