{"id":12049,"date":"2025-04-23T10:00:31","date_gmt":"2025-04-23T08:00:31","guid":{"rendered":"https:\/\/wata.es\/?page_id=12049"},"modified":"2025-11-27T12:34:56","modified_gmt":"2025-11-27T11:34:56","slug":"geschaeftsentwicklung","status":"publish","type":"page","link":"https:\/\/wata.es\/de\/geschaeftsentwicklung\/","title":{"rendered":"Gesch\u00e4ftsentwicklung"},"content":{"rendered":"","protected":false},"excerpt":{"rendered":"","protected":false},"author":28,"featured_media":14810,"parent":0,"menu_order":0,"comment_status":"closed","ping_status":"closed","template":"","meta":{"inline_featured_image":false,"footnotes":""},"class_list":["post-12049","page","type-page","status-publish","has-post-thumbnail","hentry"],"yoast_head":"<!-- This site is optimized with the Yoast SEO plugin v27.3 - https:\/\/yoast.com\/product\/yoast-seo-wordpress\/ -->\n<title>Gesch\u00e4ftsentwicklung - WATA Factory<\/title>\n<meta name=\"robots\" content=\"index, follow, max-snippet:-1, max-image-preview:large, max-video-preview:-1\" \/>\n<link rel=\"canonical\" href=\"https:\/\/wata.es\/de\/geschaeftsentwicklung\/\" \/>\n<meta property=\"og:locale\" content=\"de_DE\" \/>\n<meta property=\"og:type\" content=\"article\" \/>\n<meta property=\"og:title\" content=\"Gesch\u00e4ftsentwicklung - WATA Factory\" \/>\n<meta property=\"og:url\" content=\"https:\/\/wata.es\/de\/geschaeftsentwicklung\/\" \/>\n<meta property=\"og:site_name\" content=\"WATA Factory\" \/>\n<meta property=\"article:publisher\" content=\"https:\/\/www.facebook.com\/watafactory\/\" \/>\n<meta property=\"article:modified_time\" content=\"2025-11-27T11:34:56+00:00\" \/>\n<meta property=\"og:image\" content=\"https:\/\/wata.es\/wp-content\/uploads\/2025\/11\/WATasA-LINKEDIN-DE.jpg\" \/>\n\t<meta property=\"og:image:width\" content=\"2500\" \/>\n\t<meta property=\"og:image:height\" content=\"1306\" \/>\n\t<meta property=\"og:image:type\" content=\"image\/jpeg\" \/>\n<meta name=\"twitter:card\" content=\"summary_large_image\" \/>\n<meta name=\"twitter:site\" content=\"@watafactory\" \/>\n<meta name=\"twitter:label1\" content=\"Gesch\u00e4tzte Lesezeit\" \/>\n\t<meta name=\"twitter:data1\" content=\"7\u00a0Minuten\" \/>\n<script type=\"application\/ld+json\" class=\"yoast-schema-graph\">{\"@context\":\"https:\\\/\\\/schema.org\",\"@graph\":[{\"@type\":\"WebPage\",\"@id\":\"https:\\\/\\\/wata.es\\\/de\\\/geschaeftsentwicklung\\\/\",\"url\":\"https:\\\/\\\/wata.es\\\/de\\\/geschaeftsentwicklung\\\/\",\"name\":\"Gesch\u00e4ftsentwicklung - WATA Factory\",\"isPartOf\":{\"@id\":\"https:\\\/\\\/wata.es\\\/#website\"},\"primaryImageOfPage\":{\"@id\":\"https:\\\/\\\/wata.es\\\/de\\\/geschaeftsentwicklung\\\/#primaryimage\"},\"image\":{\"@id\":\"https:\\\/\\\/wata.es\\\/de\\\/geschaeftsentwicklung\\\/#primaryimage\"},\"thumbnailUrl\":\"https:\\\/\\\/wata.es\\\/wp-content\\\/uploads\\\/2025\\\/11\\\/WATasA-LINKEDIN-DE.jpg\",\"datePublished\":\"2025-04-23T08:00:31+00:00\",\"dateModified\":\"2025-11-27T11:34:56+00:00\",\"breadcrumb\":{\"@id\":\"https:\\\/\\\/wata.es\\\/de\\\/geschaeftsentwicklung\\\/#breadcrumb\"},\"inLanguage\":\"de\",\"potentialAction\":[{\"@type\":\"ReadAction\",\"target\":[\"https:\\\/\\\/wata.es\\\/de\\\/geschaeftsentwicklung\\\/\"]}]},{\"@type\":\"ImageObject\",\"inLanguage\":\"de\",\"@id\":\"https:\\\/\\\/wata.es\\\/de\\\/geschaeftsentwicklung\\\/#primaryimage\",\"url\":\"https:\\\/\\\/wata.es\\\/wp-content\\\/uploads\\\/2025\\\/11\\\/WATasA-LINKEDIN-DE.jpg\",\"contentUrl\":\"https:\\\/\\\/wata.es\\\/wp-content\\\/uploads\\\/2025\\\/11\\\/WATasA-LINKEDIN-DE.jpg\",\"width\":2500,\"height\":1306,\"caption\":\"Illustration eines vielf\u00e4ltigen Teams, das an Innovations- und Technologieprojekten zusammenarbeitet, mit Personen, die Daten mit einer Lupe analysieren, an Computern arbeiten und Ideen entwickeln, mit symbolischen Elementen wie Zahnr\u00e4dern, einer Rakete, einer Gl\u00fchbirne und einem Globus, die Kreativit\u00e4t und globale Reichweite darstellen.\"},{\"@type\":\"BreadcrumbList\",\"@id\":\"https:\\\/\\\/wata.es\\\/de\\\/geschaeftsentwicklung\\\/#breadcrumb\",\"itemListElement\":[{\"@type\":\"ListItem\",\"position\":1,\"name\":\"Home\",\"item\":\"https:\\\/\\\/wata.es\\\/de\\\/\"},{\"@type\":\"ListItem\",\"position\":2,\"name\":\"Gesch\u00e4ftsentwicklung\"}]},{\"@type\":\"WebSite\",\"@id\":\"https:\\\/\\\/wata.es\\\/#website\",\"url\":\"https:\\\/\\\/wata.es\\\/\",\"name\":\"WATA Factory\",\"description\":\"IT Consulting &amp; Outsourcing for your company\",\"publisher\":{\"@id\":\"https:\\\/\\\/wata.es\\\/#organization\"},\"potentialAction\":[{\"@type\":\"SearchAction\",\"target\":{\"@type\":\"EntryPoint\",\"urlTemplate\":\"https:\\\/\\\/wata.es\\\/?s={search_term_string}\"},\"query-input\":{\"@type\":\"PropertyValueSpecification\",\"valueRequired\":true,\"valueName\":\"search_term_string\"}}],\"inLanguage\":\"de\"},{\"@type\":\"Organization\",\"@id\":\"https:\\\/\\\/wata.es\\\/#organization\",\"name\":\"WATA Factory\",\"url\":\"https:\\\/\\\/wata.es\\\/\",\"logo\":{\"@type\":\"ImageObject\",\"inLanguage\":\"de\",\"@id\":\"https:\\\/\\\/wata.es\\\/#\\\/schema\\\/logo\\\/image\\\/\",\"url\":\"https:\\\/\\\/wata.es\\\/wp-content\\\/uploads\\\/2019\\\/12\\\/logowata.png\",\"contentUrl\":\"https:\\\/\\\/wata.es\\\/wp-content\\\/uploads\\\/2019\\\/12\\\/logowata.png\",\"width\":688,\"height\":176,\"caption\":\"WATA Factory\"},\"image\":{\"@id\":\"https:\\\/\\\/wata.es\\\/#\\\/schema\\\/logo\\\/image\\\/\"},\"sameAs\":[\"https:\\\/\\\/www.facebook.com\\\/watafactory\\\/\",\"https:\\\/\\\/x.com\\\/watafactory\",\"https:\\\/\\\/www.linkedin.com\\\/company\\\/wata\\\/\"]}]}<\/script>\n<!-- \/ Yoast SEO plugin. -->","yoast_head_json":{"title":"Gesch\u00e4ftsentwicklung - WATA Factory","robots":{"index":"index","follow":"follow","max-snippet":"max-snippet:-1","max-image-preview":"max-image-preview:large","max-video-preview":"max-video-preview:-1"},"canonical":"https:\/\/wata.es\/de\/geschaeftsentwicklung\/","og_locale":"de_DE","og_type":"article","og_title":"Gesch\u00e4ftsentwicklung - WATA Factory","og_url":"https:\/\/wata.es\/de\/geschaeftsentwicklung\/","og_site_name":"WATA Factory","article_publisher":"https:\/\/www.facebook.com\/watafactory\/","article_modified_time":"2025-11-27T11:34:56+00:00","og_image":[{"width":2500,"height":1306,"url":"https:\/\/wata.es\/wp-content\/uploads\/2025\/11\/WATasA-LINKEDIN-DE.jpg","type":"image\/jpeg"}],"twitter_card":"summary_large_image","twitter_site":"@watafactory","twitter_misc":{"Gesch\u00e4tzte Lesezeit":"7\u00a0Minuten"},"schema":{"@context":"https:\/\/schema.org","@graph":[{"@type":"WebPage","@id":"https:\/\/wata.es\/de\/geschaeftsentwicklung\/","url":"https:\/\/wata.es\/de\/geschaeftsentwicklung\/","name":"Gesch\u00e4ftsentwicklung - WATA Factory","isPartOf":{"@id":"https:\/\/wata.es\/#website"},"primaryImageOfPage":{"@id":"https:\/\/wata.es\/de\/geschaeftsentwicklung\/#primaryimage"},"image":{"@id":"https:\/\/wata.es\/de\/geschaeftsentwicklung\/#primaryimage"},"thumbnailUrl":"https:\/\/wata.es\/wp-content\/uploads\/2025\/11\/WATasA-LINKEDIN-DE.jpg","datePublished":"2025-04-23T08:00:31+00:00","dateModified":"2025-11-27T11:34:56+00:00","breadcrumb":{"@id":"https:\/\/wata.es\/de\/geschaeftsentwicklung\/#breadcrumb"},"inLanguage":"de","potentialAction":[{"@type":"ReadAction","target":["https:\/\/wata.es\/de\/geschaeftsentwicklung\/"]}]},{"@type":"ImageObject","inLanguage":"de","@id":"https:\/\/wata.es\/de\/geschaeftsentwicklung\/#primaryimage","url":"https:\/\/wata.es\/wp-content\/uploads\/2025\/11\/WATasA-LINKEDIN-DE.jpg","contentUrl":"https:\/\/wata.es\/wp-content\/uploads\/2025\/11\/WATasA-LINKEDIN-DE.jpg","width":2500,"height":1306,"caption":"Illustration eines vielf\u00e4ltigen Teams, das an Innovations- und Technologieprojekten zusammenarbeitet, mit Personen, die Daten mit einer Lupe analysieren, an Computern arbeiten und Ideen entwickeln, mit symbolischen Elementen wie Zahnr\u00e4dern, einer Rakete, einer Gl\u00fchbirne und einem Globus, die Kreativit\u00e4t und globale Reichweite darstellen."},{"@type":"BreadcrumbList","@id":"https:\/\/wata.es\/de\/geschaeftsentwicklung\/#breadcrumb","itemListElement":[{"@type":"ListItem","position":1,"name":"Home","item":"https:\/\/wata.es\/de\/"},{"@type":"ListItem","position":2,"name":"Gesch\u00e4ftsentwicklung"}]},{"@type":"WebSite","@id":"https:\/\/wata.es\/#website","url":"https:\/\/wata.es\/","name":"WATA Factory","description":"IT Consulting &amp; Outsourcing for your company","publisher":{"@id":"https:\/\/wata.es\/#organization"},"potentialAction":[{"@type":"SearchAction","target":{"@type":"EntryPoint","urlTemplate":"https:\/\/wata.es\/?s={search_term_string}"},"query-input":{"@type":"PropertyValueSpecification","valueRequired":true,"valueName":"search_term_string"}}],"inLanguage":"de"},{"@type":"Organization","@id":"https:\/\/wata.es\/#organization","name":"WATA Factory","url":"https:\/\/wata.es\/","logo":{"@type":"ImageObject","inLanguage":"de","@id":"https:\/\/wata.es\/#\/schema\/logo\/image\/","url":"https:\/\/wata.es\/wp-content\/uploads\/2019\/12\/logowata.png","contentUrl":"https:\/\/wata.es\/wp-content\/uploads\/2019\/12\/logowata.png","width":688,"height":176,"caption":"WATA Factory"},"image":{"@id":"https:\/\/wata.es\/#\/schema\/logo\/image\/"},"sameAs":["https:\/\/www.facebook.com\/watafactory\/","https:\/\/x.com\/watafactory","https:\/\/www.linkedin.com\/company\/wata\/"]}]}},"_links":{"self":[{"href":"https:\/\/wata.es\/de\/wp-json\/wp\/v2\/pages\/12049","targetHints":{"allow":["GET"]}}],"collection":[{"href":"https:\/\/wata.es\/de\/wp-json\/wp\/v2\/pages"}],"about":[{"href":"https:\/\/wata.es\/de\/wp-json\/wp\/v2\/types\/page"}],"author":[{"embeddable":true,"href":"https:\/\/wata.es\/de\/wp-json\/wp\/v2\/users\/28"}],"replies":[{"embeddable":true,"href":"https:\/\/wata.es\/de\/wp-json\/wp\/v2\/comments?post=12049"}],"version-history":[{"count":5,"href":"https:\/\/wata.es\/de\/wp-json\/wp\/v2\/pages\/12049\/revisions"}],"predecessor-version":[{"id":14816,"href":"https:\/\/wata.es\/de\/wp-json\/wp\/v2\/pages\/12049\/revisions\/14816"}],"wp:featuredmedia":[{"embeddable":true,"href":"https:\/\/wata.es\/de\/wp-json\/wp\/v2\/media\/14810"}],"wp:attachment":[{"href":"https:\/\/wata.es\/de\/wp-json\/wp\/v2\/media?parent=12049"}],"curies":[{"name":"wp","href":"https:\/\/api.w.org\/{rel}","templated":true}]}}